{"id":4123,"date":"2022-04-22T15:39:39","date_gmt":"2022-04-22T18:39:39","guid":{"rendered":"https:\/\/delfinoguaira.com.br\/loja\/index.php\/product\/docol-acab-reg-riva-1-2-a-1-cr-00449606\/"},"modified":"2023-07-07T11:15:26","modified_gmt":"2023-07-07T14:15:26","slug":"docol-acab-reg-riva-1-2-a-1-cr-00449606","status":"publish","type":"product","link":"https:\/\/delfinoguaira.com.br\/index.php\/produto\/docol-acab-reg-riva-1-2-a-1-cr-00449606\/","title":{"rendered":"ACABAMENTO DE REGISTRO DOCOL RIVA 1\/2 A 1&#8243; 00449606"},"content":{"rendered":"<p>Acabamento:<br \/>\nPolido<\/p>\n<p>Cor:<br \/>\nCromado<\/p>\n<p>Tipo de Base:<br \/>\nRegistro<\/p>\n<p>Tecnologias:<br \/>\nAcabamento bin\u00edquel, Garantia Toda Vida<\/p>\n<p>Bitola:<br \/>\n1\/2&#8243; &#8211; 3\/4&#8243; &#8211; 1&#8243;<\/p>\n<p>Conte\u00fado da embalagem:<br \/>\n1 suporte,1 canopla, 1 volante, 1 parafuso,<\/p>\n<p>Composi\u00e7\u00e3o:<br \/>\nLigas de cobre, elast\u00f4meros, pl\u00e1stico de engenharia e zamac (ligas de zinco, alum\u00ednio, magn\u00e9sio e cobre).<\/p>\n<p>Acionamento:<br \/>\nRedondo<\/p>\n<p>Tipo de Instala\u00e7\u00e3o:<br \/>\nParede<\/p>\n","protected":false},"excerpt":{"rendered":"<p>MARCA: <b>DOCOL<\/b><\/p>\n","protected":false},"featured_media":5508,"template":"","meta":[],"product_cat":[547],"product_tag":[],"_links":{"self":[{"href":"https:\/\/delfinoguaira.com.br\/index.php\/wp-json\/wp\/v2\/product\/4123"}],"collection":[{"href":"https:\/\/delfinoguaira.com.br\/index.php\/wp-json\/wp\/v2\/product"}],"about":[{"href":"https:\/\/delfinoguaira.com.br\/index.php\/wp-json\/wp\/v2\/types\/product"}],"wp:featuredmedia":[{"embeddable":true,"href":"https:\/\/delfinoguaira.com.br\/index.php\/wp-json\/wp\/v2\/media\/5508"}],"wp:attachment":[{"href":"https:\/\/delfinoguaira.com.br\/index.php\/wp-json\/wp\/v2\/media?parent=4123"}],"wp:term":[{"taxonomy":"product_cat","embeddable":true,"href":"https:\/\/delfinoguaira.com.br\/index.php\/wp-json\/wp\/v2\/product_cat?post=4123"},{"taxonomy":"product_tag","embeddable":true,"href":"https:\/\/delfinoguaira.com.br\/index.php\/wp-json\/wp\/v2\/product_tag?post=4123"}],"curies":[{"name":"wp","href":"https:\/\/api.w.org\/{rel}","templated":true}]}}