{"id":4219,"date":"2022-04-29T15:09:51","date_gmt":"2022-04-29T18:09:51","guid":{"rendered":"https:\/\/delfinoguaira.com.br\/loja\/?page_id=4219"},"modified":"2022-05-19T09:03:25","modified_gmt":"2022-05-19T12:03:25","slug":"politica-de-privacidade","status":"publish","type":"page","link":"https:\/\/delfinoguaira.com.br\/index.php\/politica-de-privacidade\/","title":{"rendered":"Pol\u00edtica de Privacidade"},"content":{"rendered":"\n<h2>Pol\u00edtica de Privacidade<\/h2>\n\n\n\n<p>Quando voc\u00ea realiza uma compra na Delfino Materiais de Constru\u00e7\u00e3o, voc\u00ea nos fornece alguns dados pessoais com o objetivo de viabilizar a sua opera\u00e7\u00e3o. A Delfino Materiais de Constru\u00e7\u00e3o preza pela seguran\u00e7a dos seus dados, pelo respeito a sua privacidade e pela transpar\u00eancia com voc\u00ea e, por isso, dedicamos este documento para explicar como os seus dados pessoais ser\u00e3o tratados pela Delfino Materiais de Constru\u00e7\u00e3o e quais s\u00e3o as medidas que aplicamos para mant\u00ea-los seguros.<\/p>\n\n\n\n<p>Antes de mais nada, nos apresentamos, n\u00f3s somos a COMERCIAL DE ACABAMENTOS DELFINO LTDA., inscrito no CNPJ 81.068.074\/0001-61, com sede na Cidade de Gua\u00edra, Estado do Paran\u00e1, na Rua Monjoli, 501 &#8211; Centro, e segundo a defini\u00e7\u00e3o trazida pela Lei Geral de Prote\u00e7\u00e3o de Dados \u201cLGPD\u201d (Lei Federal n\u00ba 13.709.2018), na maior parte do tempo seremos o controlador das suas informa\u00e7\u00f5es, sendo assim, respons\u00e1vel por definir o que acontece com estes dados e por proteg\u00ea-los.<\/p>\n\n\n\n<p>Para facilitar a compreens\u00e3o desta pol\u00edtica, todas as vezes que encontrar os termos \u201cDelfino Materiais de Constru\u00e7\u00e3o\u201d, \u201cn\u00f3s\u201d ou \u201cnossos\u201d, estamos nos referindo ao controlador dos seus dados pessoais, ou seja, \u00e0 Delfino Materiais de Constru\u00e7\u00e3o e, todas as vezes que ler \u201cusu\u00e1rio\u201d, \u201cvoc\u00ea\u201d, \u201cseu\u201d ou \u201csua\u201d, nos referimos a voc\u00ea, nosso cliente ou usu\u00e1rio das nossas plataformas.<\/p>\n\n\n\n<p><strong>QUAIS DADOS S\u00c3O COLETADOS PELA DELFINO MATERIAIS DE CONSTRU\u00c7\u00c3O<\/strong><\/p>\n\n\n\n<p>Durante sua experi\u00eancia em nossa loja virtual, podemos coletar diferentes tipos de dados pessoais, de forma autom\u00e1tica com o objetivo de confer\u00eancia, monitoramento e controle, ou fornecidas diretamente por voc\u00ea, como por exemplo para a realiza\u00e7\u00e3o de seu cadastro e compra. Veja abaixo quais dados pessoais n\u00f3s podemos coletar e em cada situa\u00e7\u00e3o:<\/p>\n\n\n\n<p><strong>Durante o cadastro:<\/strong><\/p>\n\n\n\n<ul><li>Nome completo;<\/li><li>N\u00famero de CPF\/CNPJ;<\/li><li>Endere\u00e7o de e-mail;<\/li><li>N\u00famero de celular;<\/li><li>Data de nascimento;<\/li><li>Dados referentes aos seus endere\u00e7os.<\/li><\/ul>\n\n\n\n<p><strong>Durante o preenchimento do local de entrega e forma de pagamento:<\/strong><\/p>\n\n\n\n<ul><li>Endere\u00e7o de cobran\u00e7a;<\/li><li>Endere\u00e7o de entrega;<\/li><li>Dados do cart\u00e3o de cr\u00e9dito, quando escolhido como forma de pagamento.<\/li><\/ul>\n\n\n\n<p><strong>Durante a an\u00e1lise e o monitoramento de suas compras ou outras transa\u00e7\u00f5es financeiras:<\/strong><\/p>\n\n\n\n<ul><li>Dados cadastrais;<\/li><li>Tipo de produto;<\/li><li>Quantidade;<\/li><li>Valor da mercadoria (unit\u00e1rio);<\/li><li>Valor total da compra ou transa\u00e7\u00e3o;<\/li><li>Natureza da transa\u00e7\u00e3o financeira;<\/li><\/ul>\n\n\n\n<p><strong>Durante a navega\u00e7\u00e3o na plataforma:<\/strong><\/p>\n\n\n\n<ul><li>Endere\u00e7o de IP;<\/li><li>Informa\u00e7\u00f5es sobre o dispositivo utilizado para a navega\u00e7\u00e3o;<\/li><li>Produtos e categorias pesquisados ou visualizados;<\/li><li>Contagem de visualiza\u00e7\u00f5es;<\/li><li>P\u00e1ginas visitadas em outros sites.<\/li><\/ul>\n\n\n\n<p><strong>COMO N\u00d3S UTILIZAMOS OS SEUS DADOS PESSOAIS<\/strong><\/p>\n\n\n\n<p>N\u00f3s utilizamos os dados pessoais para garantir um atendimento de qualidade e uma melhor experi\u00eancia na sua compra. Listamos abaixo as finalidades que poderemos utilizar seus dados pessoais:<\/p>\n\n\n\n<p><strong>Dados cadastrais:<\/strong><\/p>\n\n\n\n<ul><li>Para viabilizar a presta\u00e7\u00e3o de diferentes servi\u00e7os dispon\u00edveis em nossa loja f\u00edsica, em nosso e-commerce, vendas via telefone ou atrav\u00e9s de terceiros.<\/li><li>Para realizar o atendimento de solicita\u00e7\u00f5es e d\u00favidas em nossa Central de Atendimento.<\/li><li>Para identificar corretamente o Usu\u00e1rio.<\/li><li>Para enviar os produtos adquiridos ou comunica\u00e7\u00f5es de ofertas.<\/li><li>Para entrar em contato com voc\u00ea, quando necess\u00e1rio. Esse contato pode contemplar diversos assuntos, como comunica\u00e7\u00e3o sobre promo\u00e7\u00f5es e ofertas, respostas a d\u00favidas, respostas de reclama\u00e7\u00f5es e solicita\u00e7\u00f5es, atualiza\u00e7\u00f5es dos pedidos realizados e informa\u00e7\u00f5es de entrega.<\/li><li>Para auxiliar no diagn\u00f3stico e solu\u00e7\u00e3o de problemas t\u00e9cnicos.<\/li><li>Para desenvolver novas funcionalidades e melhorias, melhorando a sua experi\u00eancia com nossos servi\u00e7os dispon\u00edveis.<\/li><li>Para consultar suas informa\u00e7\u00f5es nas bases de dados de ag\u00eancias de cr\u00e9dito.<\/li><li>Para realizar investiga\u00e7\u00f5es e medidas de preven\u00e7\u00e3o e combate a il\u00edcitos, fraudes, crimes financeiros e crimes de lavagem de dinheiro e\/ou de financiamento ao terrorismo.<\/li><li>Para garantir o cumprimento de obriga\u00e7\u00e3o legal ou regulat\u00f3ria ou garantir o exerc\u00edcio regular de direitos da Delfino Materiais de Constru\u00e7\u00e3o. Nesses casos, podemos, inclusive, utilizar e apresentar as informa\u00e7\u00f5es em processos judiciais e administrativos, se necess\u00e1rio.<\/li><li>Para colaborar com o cumprimento de ordem judicial, de autoridade competente ou de \u00f3rg\u00e3o fiscalizador.<\/li><\/ul>\n\n\n\n<p><strong>Geolocaliza\u00e7\u00e3o:<\/strong><\/p>\n\n\n\n<ul><li>Exibir an\u00fancios personalizados.<\/li><li>Para auxiliar nas an\u00e1lises que possam ser utilizadas para proteger sua conta e aumentar o n\u00edvel de seguran\u00e7a dos seus dados cadastrais ou, ainda, prevenir poss\u00edveis fraudes.<\/li><\/ul>\n\n\n\n<p><strong>Dados de Navega\u00e7\u00e3o:<\/strong><\/p>\n\n\n\n<ul><li>Para auxiliar no diagn\u00f3stico e solu\u00e7\u00e3o de problema t\u00e9cnicos.<\/li><li>Para desenvolver novas funcionalidades e melhorias, melhorando a sua experi\u00eancia com nossos servi\u00e7os dispon\u00edveis.<\/li><\/ul>\n\n\n\n<p><strong>COM QUEM N\u00d3S PODEMOS COMPARTILHAR OS DADOS PESSOAIS<\/strong><\/p>\n\n\n\n<p>Para a execu\u00e7\u00e3o das atividades acima listadas, sempre que necess\u00e1rio, n\u00f3s poderemos compartilhar os seus dados pessoais com outras empresas do nosso grupo, com prestadores de servi\u00e7o, parceiros ou com \u00f3rg\u00e3os reguladores. Jamais comercializamos dados pessoais. Apresentamos a seguir um resumo destas possibilidades:<\/p>\n\n\n\n<p><strong>Prestadores de servi\u00e7o:<\/strong>&nbsp;para que possamos disponibilizar nossos produtos e prestar os nossos servi\u00e7os com qualidade, contamos com a colabora\u00e7\u00e3o de diversos prestadores de servi\u00e7o, que tratam os dados pessoais coletados em nosso nome e de acordo com nossas instru\u00e7\u00f5es. Esses prestadores de servi\u00e7o atuam principalmente para nos auxiliar nas an\u00e1lise antifraude, intermedia\u00e7\u00e3o de pagamentos, gest\u00e3o de campanhas de marketing, enriquecimento de base de dados e armazenamento em nuvem.<\/p>\n\n\n\n<p><strong>Autoridades judiciais, policiais ou governamentais:&nbsp;<\/strong>n\u00f3s devemos fornecer dados pessoais de Clientes e\/ou Usu\u00e1rios, em atendimento \u00e0 ordem judicial, solicita\u00e7\u00f5es de autoridades administrativas, obriga\u00e7\u00e3o legal ou regulat\u00f3ria, bem como para agir de forma colaborativa com autoridades governamentais, em geral em investiga\u00e7\u00f5es envolvendo atos il\u00edcitos.<\/p>\n\n\n\n<p><strong>ARMAZENAMENTO E SEGURAN\u00c7A DOS DADOS PESSOAIS<\/strong><\/p>\n\n\n\n<p>N\u00f3s armazenamos seus dados de forma segura em data centers localizados no Brasil, bem como no exterior. Neste caso de armazenamento no exterior, s\u00e3o adotadas todas as medidas legais aplic\u00e1veis, em conformidade com a Lei Geral de Prote\u00e7\u00e3o de Dados e suas futuras regulamenta\u00e7\u00f5es, garantindo a prote\u00e7\u00e3o e privacidade dos seus dados pessoais.<\/p>\n\n\n\n<p>N\u00f3s adotamos as melhores t\u00e9cnicas para proteger os dados pessoais coletados de acessos n\u00e3o autorizados, destrui\u00e7\u00e3o, perda, altera\u00e7\u00e3o, comunica\u00e7\u00e3o ou qualquer forma de tratamento inadequado ou il\u00edcito, inclusive mecanismos de criptografia. Ressaltamos, contudo, que nenhuma plataforma \u00e9 completamente segura. Se voc\u00ea tiver qualquer preocupa\u00e7\u00e3o ou suspeita de que os seus dados estejam em risco, por favor, entre em contato conosco por meio dos nossos canais de atendimento que ficaremos felizes em te ou auxiliar prontamente.<\/p>\n\n\n\n<p>Seus dados pessoais ser\u00e3o mantidos durante todo o per\u00edodo que for um cliente ativo da Delfino Materiais de Constru\u00e7\u00e3o. Ap\u00f3s esse per\u00edodo, podemos armazenar os seus dados pessoais por um per\u00edodo adicional para fins de auditoria, para possibilitar o cumprimento de obriga\u00e7\u00f5es legais ou regulat\u00f3rias. Faremos a reten\u00e7\u00e3o dos seus dados pelo prazo necess\u00e1rio, respeitando os prazos estabelecidos na legisla\u00e7\u00e3o aplic\u00e1vel.<\/p>\n\n\n\n<p><strong>COOKIES E TECNOLOGIAS DE MONITORAMENTO<\/strong><\/p>\n\n\n\n<p>Podemos utilizar certas tecnologias de monitoramento para coletar as informa\u00e7\u00f5es das atividades realizadas nas nossas plataformas de forma automatizada. As informa\u00e7\u00f5es coletadas por meio de tais tecnologias s\u00e3o utilizadas para realizar m\u00e9tricas de performance do website, identificar problemas no uso, captar o comportamento dos Usu\u00e1rios de forma geral e coletar dados de impress\u00e3o de conte\u00fado.<\/p>\n\n\n\n<p>Veja abaixo algumas das tecnologias que poder\u00e3o estar presentes no site delfinoguaira.com.br:<\/p>\n\n\n\n<p><strong>Cookies:<\/strong>&nbsp;&nbsp;cookie \u00e9 um pequeno arquivo adicionado ao dispositivo do Usu\u00e1rio para fornecer uma experi\u00eancia personalizada de acesso \u00e0 plataforma. Os cookies ajudam a analisar o tr\u00e1fego de internet e nos permite saber quando o Usu\u00e1rio visitou um site espec\u00edfico. Um cookie n\u00e3o d\u00e1 acesso a um computador ou revela informa\u00e7\u00f5es al\u00e9m dos dados que o usu\u00e1rio escolhe compartilhar conosco.<\/p>\n\n\n\n<p><strong>Pixels:<\/strong>&nbsp;pixels s\u00e3o partes do c\u00f3digo JavaScript instalados adicionados em nossas aplica\u00e7\u00f5es, websites ou no corpo de um e-mail, com a finalidade de rastrear coletar informa\u00e7\u00f5es sobre as atividades dos usu\u00e1rios, permitindo a identifica\u00e7\u00e3o dos seus padr\u00f5es de acesso, navega\u00e7\u00e3o, interesse e compras de produtos, e otimizando utilizados para otimizar o direcionamento de conte\u00fado.<\/p>\n\n\n\n<p><strong>Web beacon:<\/strong>&nbsp;web beacon \u00e9 uma t\u00e9cnica que permite mapear quem est\u00e1 visitando uma determinada p\u00e1gina da web, identificando o comportamento do usu\u00e1rio com diferentes sites ou servidores da web.<\/p>\n\n\n\n<p><strong>Ferramentas de analytics:<\/strong>&nbsp;essas ferramentas podem coletar informa\u00e7\u00f5es sobre a forma como os Usu\u00e1rios visitam uma de nossas lojas ou websites, quais p\u00e1ginas eles visitam e quando visitam tais p\u00e1ginas, outros sites que foram visitados antes, entre outras.<\/p>\n\n\n\n<p><strong>TRANSFER\u00caNCIA INTERNACIONAL DE DADOS PESSOAIS<\/strong><\/p>\n\n\n\n<p>Alguns de seus dados pessoais poder\u00e3o ser transferidos para outros pa\u00edses, por exemplo, quando utilizarmos servi\u00e7os computacionais em nuvem para processamento ou armazenamento de dados, localizados fora do Brasil. Mas n\u00e3o se preocupe, a Delfino Materiais de Constru\u00e7\u00e3o observa tamb\u00e9m nestas situa\u00e7\u00f5es todos os requisitos estabelecidos na legisla\u00e7\u00e3o vigente, e adota as melhores pr\u00e1ticas de mercado a fim de garantir a prote\u00e7\u00e3o e privacidade dos seus dados pessoais.<\/p>\n\n\n\n<p><strong>SEUS DIREITOS COMO TITULAR DOS DADOS PESSOAIS<\/strong><\/p>\n\n\n\n<p>A transpar\u00eancia sobre o tratamento dos seus dados pessoais \u00e9 prioridade para a Delfino Materiais de Constru\u00e7\u00e3o. Al\u00e9m das informa\u00e7\u00f5es disponibilizadas nesta Pol\u00edtica de Privacidade, voc\u00ea pode tamb\u00e9m exercer os direitos previstos na Lei Geral de Prote\u00e7\u00e3o de Dados, entre eles:<\/p>\n\n\n\n<p>Confirma\u00e7\u00e3o da exist\u00eancia de tratamento de dados pessoais.<\/p>\n\n\n\n<p><strong>Acesso aos dados pessoais.<\/strong><\/p>\n\n\n\n<p><strong>Revoga\u00e7\u00e3o do consentimento.<\/strong><\/p>\n\n\n\n<p>Corre\u00e7\u00e3o de dados pessoais incompletos, inexatos ou desatualizados.<\/p>\n\n\n\n<p>Elimina\u00e7\u00e3o dos dados pessoais tratados com o consentimento ou desnecess\u00e1rios, excessivos ou quando entender que algum ponto da LGPD n\u00e3o foi atendido.<\/p>\n\n\n\n<p>Informa\u00e7\u00e3o sobre as hip\u00f3teses e com quais empresas, parceiros e outras institui\u00e7\u00f5es podemos compartilhar, ou receber dados pessoais referentes a voc\u00ea.<\/p>\n\n\n\n<p>Informa\u00e7\u00e3o sobre a possibilidade de n\u00e3o fornecer consentimento e sobre as consequ\u00eancias da negativa, quando aplic\u00e1vel.<\/p>\n\n\n\n<p>Todas as solicita\u00e7\u00f5es ser\u00e3o tratadas de forma gratuita, e ser\u00e3o submetidas a uma pr\u00e9via avalia\u00e7\u00e3o da sua identidade e da viabilidade do atendimento, a fim de cumprir com eventuais obriga\u00e7\u00f5es que impe\u00e7am o completo atendimento das requisi\u00e7\u00f5es dos titulares de direito.<\/p>\n\n\n\n<p><strong>RETEN\u00c7\u00c3O E EXCLUS\u00c3O DOS SEUS DADOS PESSOAIS<\/strong><\/p>\n\n\n\n<p>N\u00f3s trataremos seus dados pessoais com elevados n\u00edveis de prote\u00e7\u00e3o e garantindo sua privacidade, durante todo o per\u00edodo que voc\u00ea for nosso cliente, navegando em nossas plataformas e utilizando nossos servi\u00e7os, ou potencial cliente com quem dividimos nossas ofertas de produtos e servi\u00e7os.<\/p>\n\n\n\n<p>Quando aplic\u00e1vel, e mesmo se voc\u00ea optar por excluir seus dados pessoais da nossa base de cadastro, a Delfino Materiais de Constru\u00e7\u00e3o poder\u00e1 reter alguns ou todos os seus dados pessoais por per\u00edodos adicionais para cumprimento de obriga\u00e7\u00f5es legais ou regulat\u00f3rias, para o exerc\u00edcio regular de direitos da Delfino Materiais de Constru\u00e7\u00e3o eventuais a\u00e7\u00f5es judiciais, fins de auditoria de diversas naturezas, ou outros prazos definidos e fundamentados por bases legais que justifiquem a reten\u00e7\u00e3o destes dados.<\/p>\n\n\n\n<p><strong>ALTERA\u00c7\u00d5ES DESTA POL\u00cdTICA DE PRIVACIDADE<\/strong><\/p>\n\n\n\n<p>Estamos constantemente buscando aprimorar a experi\u00eancia de nossos clientes. Assim, nossas pr\u00e1ticas de tratamento de dados pessoais poder\u00e3o sofrer altera\u00e7\u00f5es com a inclus\u00e3o de novas funcionalidades e servi\u00e7os.<\/p>\n\n\n\n<p>Valorizamos a transpar\u00eancia no modo em que tratamos seus dados pessoais. Toda vez que alguma condi\u00e7\u00e3o relevante desta Pol\u00edtica de Privacidade for alterada, essas altera\u00e7\u00f5es ser\u00e3o v\u00e1lidas, eficazes e vinculantes ap\u00f3s a nova vers\u00e3o ser publicada em nosso site. Estas altera\u00e7\u00f5es ser\u00e3o comunicadas por meio de um dos canais disponibilizados por voc\u00ea durante o seu cadastro (e-mail, SMS, WhatsApp e outros).<\/p>\n\n\n\n<p><strong>FALE CONOSCO<\/strong><\/p>\n\n\n\n<p>Sempre que voc\u00ea tiver alguma d\u00favida sobre esta Pol\u00edtica de Privacidade, mesmo ap\u00f3s sua leitura, ou precisar interagir conosco sobre assuntos envolvendo os seus dados pessoais, poder\u00e1 faz\u00ea-lo:<\/p>\n\n\n\n<p>Por meio dos nossos canais de atendimento dispon\u00edveis em <a href=\"https:\/\/delfinoguaira.com.br\/index.php\/fale-conosco\/\">https:\/\/delfinoguaira.com.br\/index.php\/fale-conosco\/<\/a>, ou pelo nosso telefone (44) 3642-1313, solicitando as op\u00e7\u00f5es sobre a privacidade dos seus dados pessoais, sempre que dispon\u00edvel;<\/p>\n\n\n\n<p>Recomendamos que verifiquem a vers\u00e3o atualizada desta Pol\u00edtica de Privacidade sempre que navegarem em nossa loja virtuai.<\/p>\n\n\n\n<p>Estamos sempre \u00e0 disposi\u00e7\u00e3o para esclarecer suas d\u00favidas e colocar voc\u00ea no controle dos seus dados pessoais.<\/p>\n\n\n\n<p>Contem conosco para mant\u00ea-los informados!<\/p>\n","protected":false},"excerpt":{"rendered":"<p>Pol\u00edtica de Privacidade Quando voc\u00ea realiza uma compra na Delfino Materiais de Constru\u00e7\u00e3o, voc\u00ea nos fornece alguns dados pessoais com o objetivo de viabilizar a sua opera\u00e7\u00e3o. A Delfino Materiais de Constru\u00e7\u00e3o preza pela seguran\u00e7a dos seus dados, pelo respeito a sua privacidade e pela transpar\u00eancia com voc\u00ea e, por isso, dedicamos este documento para [&hellip;]<\/p>\n","protected":false},"author":5,"featured_media":0,"parent":0,"menu_order":0,"comment_status":"closed","ping_status":"closed","template":"","meta":[],"_links":{"self":[{"href":"https:\/\/delfinoguaira.com.br\/index.php\/wp-json\/wp\/v2\/pages\/4219"}],"collection":[{"href":"https:\/\/delfinoguaira.com.br\/index.php\/wp-json\/wp\/v2\/pages"}],"about":[{"href":"https:\/\/delfinoguaira.com.br\/index.php\/wp-json\/wp\/v2\/types\/page"}],"author":[{"embeddable":true,"href":"https:\/\/delfinoguaira.com.br\/index.php\/wp-json\/wp\/v2\/users\/5"}],"replies":[{"embeddable":true,"href":"https:\/\/delfinoguaira.com.br\/index.php\/wp-json\/wp\/v2\/comments?post=4219"}],"version-history":[{"count":4,"href":"https:\/\/delfinoguaira.com.br\/index.php\/wp-json\/wp\/v2\/pages\/4219\/revisions"}],"predecessor-version":[{"id":4885,"href":"https:\/\/delfinoguaira.com.br\/index.php\/wp-json\/wp\/v2\/pages\/4219\/revisions\/4885"}],"wp:attachment":[{"href":"https:\/\/delfinoguaira.com.br\/index.php\/wp-json\/wp\/v2\/media?parent=4219"}],"curies":[{"name":"wp","href":"https:\/\/api.w.org\/{rel}","templated":true}]}}